{"id":1648,"date":"2025-08-26T08:17:07","date_gmt":"2025-08-26T08:17:07","guid":{"rendered":"https:\/\/mlkcars.com\/?page_id=1648"},"modified":"2025-09-19T05:11:21","modified_gmt":"2025-09-19T05:11:21","slug":"partner","status":"publish","type":"page","link":"https:\/\/mlkcars.com\/fr\/partner\/","title":{"rendered":"PARTENAIRES"},"content":{"rendered":"<div data-elementor-type=\"wp-page\" data-elementor-id=\"1648\" class=\"elementor elementor-1648\" data-elementor-post-type=\"page\">\n\t\t\t\t<div class=\"elementor-element elementor-element-d8d1dba e-con-full e-flex e-con e-parent\" data-id=\"d8d1dba\" data-element_type=\"container\">\n\t\t<div class=\"elementor-element elementor-element-b3343f1 e-con-full e-flex e-con e-child\" data-id=\"b3343f1\" data-element_type=\"container\">\n\t\t<div class=\"elementor-element elementor-element-981daa4 e-con-full e-flex e-con e-child\" data-id=\"981daa4\" data-element_type=\"container\">\n\t\t<div class=\"elementor-element elementor-element-7f70177 e-con-full e-flex e-con e-child\" data-id=\"7f70177\" data-element_type=\"container\" data-settings=\"{&quot;background_background&quot;:&quot;classic&quot;}\">\n\t\t\t\t<div class=\"elementor-element elementor-element-ebed57c elementor-widget elementor-widget-heading\" data-id=\"ebed57c\" data-element_type=\"widget\" data-widget_type=\"heading.default\">\n\t\t\t\t\t<h1 class=\"elementor-heading-title elementor-size-default\">PARTENAIRES<\/h1>\t\t\t\t<\/div>\n\t\t\t\t<\/div>\n\t\t\t\t<\/div>\n\t\t\t\t<\/div>\n\t\t\t\t<\/div>\n\t\t<div class=\"elementor-element elementor-element-183da41 e-flex e-con-boxed e-con e-parent\" data-id=\"183da41\" data-element_type=\"container\">\n\t\t\t\t\t<div class=\"e-con-inner\">\n\t\t\t\t<div class=\"elementor-element elementor-element-c3f9ef6 elementor-widget-divider--view-line elementor-widget elementor-widget-divider\" data-id=\"c3f9ef6\" data-element_type=\"widget\" data-widget_type=\"divider.default\">\n\t\t\t\t\t\t\t<div class=\"elementor-divider\">\n\t\t\t<span class=\"elementor-divider-separator\">\n\t\t\t\t\t\t<\/span>\n\t\t<\/div>\n\t\t\t\t\t\t<\/div>\n\t\t\t\t<div class=\"elementor-element elementor-element-0a4b290 elementor-widget elementor-widget-heading\" data-id=\"0a4b290\" data-element_type=\"widget\" data-widget_type=\"heading.default\">\n\t\t\t\t\t<h2 class=\"elementor-heading-title elementor-size-default\">You want to become a partner of MLK Rental Car ?<\/h2>\t\t\t\t<\/div>\n\t\t\t\t<div class=\"elementor-element elementor-element-4215a00 elementor-widget-divider--view-line elementor-widget elementor-widget-divider\" data-id=\"4215a00\" data-element_type=\"widget\" data-widget_type=\"divider.default\">\n\t\t\t\t\t\t\t<div class=\"elementor-divider\">\n\t\t\t<span class=\"elementor-divider-separator\">\n\t\t\t\t\t\t<\/span>\n\t\t<\/div>\n\t\t\t\t\t\t<\/div>\n\t\t\t\t\t<\/div>\n\t\t\t\t<\/div>\n\t\t<div class=\"elementor-element elementor-element-a17101d e-flex e-con-boxed e-con e-parent\" data-id=\"a17101d\" data-element_type=\"container\">\n\t\t\t\t\t<div class=\"e-con-inner\">\n\t\t\t\t<div class=\"elementor-element elementor-element-b348114 elementor-widget-divider--view-line elementor-widget elementor-widget-divider\" data-id=\"b348114\" data-element_type=\"widget\" data-widget_type=\"divider.default\">\n\t\t\t\t\t\t\t<div class=\"elementor-divider\">\n\t\t\t<span class=\"elementor-divider-separator\">\n\t\t\t\t\t\t<\/span>\n\t\t<\/div>\n\t\t\t\t\t\t<\/div>\n\t\t<div class=\"elementor-element elementor-element-78cb22b e-con-full e-flex e-con e-child\" data-id=\"78cb22b\" data-element_type=\"container\">\n\t\t\t\t<div class=\"elementor-element elementor-element-6d39654 elementor-button-align-center elementor-tablet-button-align-center elementor-widget elementor-widget-form\" data-id=\"6d39654\" data-element_type=\"widget\" data-settings=\"{&quot;step_next_label&quot;:&quot;Next&quot;,&quot;step_previous_label&quot;:&quot;Previous&quot;,&quot;button_width&quot;:&quot;100&quot;,&quot;step_type&quot;:&quot;number_text&quot;,&quot;step_icon_shape&quot;:&quot;circle&quot;}\" data-widget_type=\"form.default\">\n\t\t\t\t\t\t\t<form class=\"elementor-form\" method=\"post\" name=\"Contact Form\" aria-label=\"Contact Form\" action=\"\">\n\t\t\t<input type=\"hidden\" name=\"post_id\" value=\"1648\"\/>\n\t\t\t<input type=\"hidden\" name=\"form_id\" value=\"6d39654\"\/>\n\t\t\t<input type=\"hidden\" name=\"referer_title\" value=\"PARTNER\" \/>\n\n\t\t\t\t\t\t\t<input type=\"hidden\" name=\"queried_id\" value=\"1648\"\/>\n\t\t\t\n\t\t\t<div class=\"elementor-form-fields-wrapper elementor-labels-\">\n\t\t\t\t\t\t\t\t<div class=\"elementor-field-type-text elementor-field-group elementor-column elementor-field-group-name elementor-col-50 elementor-field-required\">\n\t\t\t\t\t\t\t\t\t\t\t\t<label for=\"form-field-name\" class=\"elementor-field-label elementor-screen-only\">\n\t\t\t\t\t\t\t\tCompany name\t\t\t\t\t\t\t<\/label>\n\t\t\t\t\t\t\t\t\t\t\t\t\t\t<input size=\"1\" type=\"text\" name=\"form_fields[name]\" id=\"form-field-name\" class=\"elementor-field elementor-size-sm  elementor-field-textual\" placeholder=\"Company name\" required=\"required\">\n\t\t\t\t\t\t\t\t\t\t\t<\/div>\n\t\t\t\t\t\t\t\t<div class=\"elementor-field-type-text elementor-field-group elementor-column elementor-field-group-field_b743cd7 elementor-col-50 elementor-field-required\">\n\t\t\t\t\t\t\t\t\t\t\t\t<label for=\"form-field-field_b743cd7\" class=\"elementor-field-label elementor-screen-only\">\n\t\t\t\t\t\t\t\tTypes Of Company\t\t\t\t\t\t\t<\/label>\n\t\t\t\t\t\t\t\t\t\t\t\t\t\t<input size=\"1\" type=\"text\" name=\"form_fields[field_b743cd7]\" id=\"form-field-field_b743cd7\" class=\"elementor-field elementor-size-sm  elementor-field-textual\" placeholder=\"Types Of Company\" required=\"required\">\n\t\t\t\t\t\t\t\t\t\t\t<\/div>\n\t\t\t\t\t\t\t\t<div class=\"elementor-field-type-tel elementor-field-group elementor-column elementor-field-group-field_6c180a9 elementor-col-50 elementor-field-required\">\n\t\t\t\t\t\t\t\t\t\t\t\t<label for=\"form-field-field_6c180a9\" class=\"elementor-field-label elementor-screen-only\">\n\t\t\t\t\t\t\t\tNum\u00e9ro de t\u00e9l\u00e9phone\t\t\t\t\t\t\t<\/label>\n\t\t\t\t\t\t\t\t<input size=\"1\" type=\"tel\" name=\"form_fields[field_6c180a9]\" id=\"form-field-field_6c180a9\" class=\"elementor-field elementor-size-sm  elementor-field-textual\" placeholder=\"Num\u00e9ro de t\u00e9l\u00e9phone*\" required=\"required\" pattern=\"[0-9()#&amp;+*-=.]+\" title=\"Only numbers and phone characters (#, -, *, etc) are accepted.\">\n\n\t\t\t\t\t\t<\/div>\n\t\t\t\t\t\t\t\t<div class=\"elementor-field-type-email elementor-field-group elementor-column elementor-field-group-email elementor-col-50 elementor-field-required\">\n\t\t\t\t\t\t\t\t\t\t\t\t<label for=\"form-field-email\" class=\"elementor-field-label elementor-screen-only\">\n\t\t\t\t\t\t\t\tEmail\t\t\t\t\t\t\t<\/label>\n\t\t\t\t\t\t\t\t\t\t\t\t\t\t<input size=\"1\" type=\"email\" name=\"form_fields[email]\" id=\"form-field-email\" class=\"elementor-field elementor-size-sm  elementor-field-textual\" placeholder=\"Email*\" required=\"required\">\n\t\t\t\t\t\t\t\t\t\t\t<\/div>\n\t\t\t\t\t\t\t\t<div class=\"elementor-field-type-textarea elementor-field-group elementor-column elementor-field-group-message elementor-col-100\">\n\t\t\t\t\t\t\t\t\t\t\t\t<label for=\"form-field-message\" class=\"elementor-field-label elementor-screen-only\">\n\t\t\t\t\t\t\t\tMessage\t\t\t\t\t\t\t<\/label>\n\t\t\t\t\t\t<textarea class=\"elementor-field-textual elementor-field  elementor-size-sm\" name=\"form_fields[message]\" id=\"form-field-message\" rows=\"4\" placeholder=\"Message\"><\/textarea>\t\t\t\t<\/div>\n\t\t\t\t\t\t\t\t<div class=\"elementor-field-group elementor-column elementor-field-type-submit elementor-col-100 e-form__buttons\">\n\t\t\t\t\t<button class=\"elementor-button elementor-size-sm\" type=\"submit\">\n\t\t\t\t\t\t<span class=\"elementor-button-content-wrapper\">\n\t\t\t\t\t\t\t\t\t\t\t\t\t\t\t\t\t\t\t\t\t\t<span class=\"elementor-button-text\">Envoyer<\/span>\n\t\t\t\t\t\t\t\t\t\t\t\t\t<\/span>\n\t\t\t\t\t<\/button>\n\t\t\t\t<\/div>\n\t\t\t<\/div>\n\t\t<input type=\"hidden\" name=\"trp-form-language\" value=\"fr\"\/><\/form>\n\t\t\t\t\t\t<\/div>\n\t\t\t\t<\/div>\n\t\t\t\t\t<\/div>\n\t\t\t\t<\/div>\n\t\t<div class=\"elementor-element elementor-element-e527fc0 e-flex e-con-boxed e-con e-parent\" data-id=\"e527fc0\" data-element_type=\"container\">\n\t\t\t\t\t<div class=\"e-con-inner\">\n\t\t\t\t<div class=\"elementor-element elementor-element-ec9d874 elementor-widget elementor-widget-heading\" data-id=\"ec9d874\" data-element_type=\"widget\" data-widget_type=\"heading.default\">\n\t\t\t\t\t<h2 class=\"elementor-heading-title elementor-size-default\">A response will be sent to you as soon as possible<\/h2>\t\t\t\t<\/div>\n\t\t\t\t<div class=\"elementor-element elementor-element-f37bad0 elementor-widget-divider--view-line elementor-widget elementor-widget-divider\" data-id=\"f37bad0\" data-element_type=\"widget\" data-widget_type=\"divider.default\">\n\t\t\t\t\t\t\t<div class=\"elementor-divider\">\n\t\t\t<span class=\"elementor-divider-separator\">\n\t\t\t\t\t\t<\/span>\n\t\t<\/div>\n\t\t\t\t\t\t<\/div>\n\t\t\t\t<div class=\"elementor-element elementor-element-1ccc041 elementor-widget elementor-widget-text-editor\" data-id=\"1ccc041\" data-element_type=\"widget\" data-widget_type=\"text-editor.default\">\n\t\t\t\t\t\t\t\t\t<p>Mlk aims to work with the best in different sectors of activity, be part of it!<\/p>\t\t\t\t\t\t\t\t<\/div>\n\t\t\t\t\t<\/div>\n\t\t\t\t<\/div>\n\t\t<div class=\"elementor-element elementor-element-06076d9 e-flex e-con-boxed e-con e-parent\" data-id=\"06076d9\" data-element_type=\"container\">\n\t\t\t\t\t<div class=\"e-con-inner\">\n\t\t<div class=\"elementor-element elementor-element-433d541 e-con-full e-flex e-con e-child\" data-id=\"433d541\" data-element_type=\"container\">\n\t\t<div class=\"elementor-element elementor-element-1803002 e-con-full e-flex e-con e-child\" data-id=\"1803002\" data-element_type=\"container\">\n\t\t\t\t<div class=\"elementor-element elementor-element-e8b9809 elementor-widget-divider--view-line elementor-widget elementor-widget-divider\" data-id=\"e8b9809\" data-element_type=\"widget\" data-widget_type=\"divider.default\">\n\t\t\t\t\t\t\t<div class=\"elementor-divider\">\n\t\t\t<span class=\"elementor-divider-separator\">\n\t\t\t\t\t\t<\/span>\n\t\t<\/div>\n\t\t\t\t\t\t<\/div>\n\t\t\t\t<\/div>\n\t\t\t\t<\/div>\n\t\t\t\t\t<\/div>\n\t\t\t\t<\/div>\n\t\t\t\t<\/div>","protected":false},"excerpt":{"rendered":"<p>PARTNER You want to become a partner of MLK Rental Car ? A response will be sent to you as soon as possible Mlk aims to work with the best in different sectors of activity, be part of it!<\/p>","protected":false},"author":1,"featured_media":0,"parent":0,"menu_order":0,"comment_status":"closed","ping_status":"closed","template":"","meta":{"_kadence_starter_templates_imported_post":false,"footnotes":""},"class_list":["post-1648","page","type-page","status-publish","hentry"],"_links":{"self":[{"href":"https:\/\/mlkcars.com\/fr\/wp-json\/wp\/v2\/pages\/1648","targetHints":{"allow":["GET"]}}],"collection":[{"href":"https:\/\/mlkcars.com\/fr\/wp-json\/wp\/v2\/pages"}],"about":[{"href":"https:\/\/mlkcars.com\/fr\/wp-json\/wp\/v2\/types\/page"}],"author":[{"embeddable":true,"href":"https:\/\/mlkcars.com\/fr\/wp-json\/wp\/v2\/users\/1"}],"replies":[{"embeddable":true,"href":"https:\/\/mlkcars.com\/fr\/wp-json\/wp\/v2\/comments?post=1648"}],"version-history":[{"count":47,"href":"https:\/\/mlkcars.com\/fr\/wp-json\/wp\/v2\/pages\/1648\/revisions"}],"predecessor-version":[{"id":2391,"href":"https:\/\/mlkcars.com\/fr\/wp-json\/wp\/v2\/pages\/1648\/revisions\/2391"}],"wp:attachment":[{"href":"https:\/\/mlkcars.com\/fr\/wp-json\/wp\/v2\/media?parent=1648"}],"curies":[{"name":"wp","href":"https:\/\/api.w.org\/{rel}","templated":true}]}}